{"id":152,"date":"2026-03-01T19:13:35","date_gmt":"2026-03-01T18:13:35","guid":{"rendered":"https:\/\/dianeetgael.com\/?page_id=152"},"modified":"2026-04-18T17:07:15","modified_gmt":"2026-04-18T16:07:15","slug":"infos-pratiques","status":"publish","type":"page","link":"https:\/\/dianeetgael.com\/index.php\/infos-pratiques\/","title":{"rendered":"Infos pratiques"},"content":{"rendered":"<p>[et_pb_section fb_built=\u00a0\u00bb1&Prime; inner_shadow=\u00a0\u00bbon\u00a0\u00bb _builder_version=\u00a0\u00bb4.25.2&Prime; _module_preset=\u00a0\u00bbdefault\u00a0\u00bb background_enable_image=\u00a0\u00bboff\u00a0\u00bb background_video_mp4=\u00a0\u00bbhttps:\/\/dianeetgael.com\/wp-content\/uploads\/2026\/03\/1000085846.mp4&Prime; animation_style=\u00a0\u00bbfold\u00a0\u00bb border_radii=\u00a0\u00bbon|46px|46px|46px|46px\u00a0\u00bb border_width_all=\u00a0\u00bb8px\u00a0\u00bb border_color_all=\u00a0\u00bb#ecc5c0&Prime; box_shadow_style=\u00a0\u00bbpreset6&Prime; locked=\u00a0\u00bboff\u00a0\u00bb global_colors_info=\u00a0\u00bb{}\u00a0\u00bb][et_pb_row _builder_version=\u00a0\u00bb4.25.2&Prime; _module_preset=\u00a0\u00bbdefault\u00a0\u00bb global_colors_info=\u00a0\u00bb{}\u00a0\u00bb][et_pb_column type=\u00a0\u00bb4_4&Prime; _builder_version=\u00a0\u00bb4.25.2&Prime; _module_preset=\u00a0\u00bbdefault\u00a0\u00bb global_colors_info=\u00a0\u00bb{}\u00a0\u00bb][et_pb_text _builder_version=\u00a0\u00bb4.25.2&Prime; _module_preset=\u00a0\u00bbdefault\u00a0\u00bb text_font=\u00a0\u00bbMerienda One||||||||\u00a0\u00bb text_text_color=\u00a0\u00bb#ecc5c0&Prime; text_font_size=\u00a0\u00bb45px\u00a0\u00bb text_orientation=\u00a0\u00bbcenter\u00a0\u00bb animation_style=\u00a0\u00bbflip\u00a0\u00bb global_colors_info=\u00a0\u00bb{}\u00a0\u00bb]<\/p>\n<p>INFORMATIONS PRATIQUES<\/p>\n<p>[\/et_pb_text][\/et_pb_column][\/et_pb_row][et_pb_row _builder_version=\u00a0\u00bb4.25.2&Prime; _module_preset=\u00a0\u00bbdefault\u00a0\u00bb global_colors_info=\u00a0\u00bb{}\u00a0\u00bb][et_pb_column type=\u00a0\u00bb4_4&Prime; _builder_version=\u00a0\u00bb4.25.2&Prime; _module_preset=\u00a0\u00bbdefault\u00a0\u00bb global_colors_info=\u00a0\u00bb{}\u00a0\u00bb][et_pb_text _builder_version=\u00a0\u00bb4.25.2&Prime; _module_preset=\u00a0\u00bbdefault\u00a0\u00bb text_font=\u00a0\u00bbMerienda One||||||||\u00a0\u00bb text_text_color=\u00a0\u00bb#000000&Prime; text_font_size=\u00a0\u00bb30px\u00a0\u00bb text_orientation=\u00a0\u00bbcenter\u00a0\u00bb animation_style=\u00a0\u00bbflip\u00a0\u00bb global_colors_info=\u00a0\u00bb{}\u00a0\u00bb]<\/p>\n<p>\u00a0Arriver \u00e0 Qui\u00e9vrain en Train<\/p>\n<p>[\/et_pb_text][\/et_pb_column][\/et_pb_row][et_pb_row column_structure=\u00a0\u00bb1_2,1_2&Prime; make_equal=\u00a0\u00bbon\u00a0\u00bb _builder_version=\u00a0\u00bb4.25.2&Prime; _module_preset=\u00a0\u00bbdefault\u00a0\u00bb module_alignment=\u00a0\u00bbcenter\u00a0\u00bb global_colors_info=\u00a0\u00bb{}\u00a0\u00bb][et_pb_column type=\u00a0\u00bb1_2&Prime; _builder_version=\u00a0\u00bb4.25.2&Prime; _module_preset=\u00a0\u00bbdefault\u00a0\u00bb global_colors_info=\u00a0\u00bb{}\u00a0\u00bb][et_pb_text _builder_version=\u00a0\u00bb4.25.2&Prime; _module_preset=\u00a0\u00bbdefault\u00a0\u00bb text_font=\u00a0\u00bbMerienda||||||||\u00a0\u00bb text_text_color=\u00a0\u00bb#000000&Prime; text_font_size=\u00a0\u00bb20px\u00a0\u00bb text_orientation=\u00a0\u00bbcenter\u00a0\u00bb global_colors_info=\u00a0\u00bb{}\u00a0\u00bb]<\/p>\n<p><strong>A partir de la gare de Mons<\/strong><\/p>\n<p>[\/et_pb_text][et_pb_text _builder_version=\u00a0\u00bb4.25.2&Prime; _module_preset=\u00a0\u00bbdefault\u00a0\u00bb global_colors_info=\u00a0\u00bb{}\u00a0\u00bb]<\/p>\n<p data-start=\"221\" data-end=\"332\">Prendre un <strong data-start=\"235\" data-end=\"256\">train SNCB direct<\/strong> depuis la gare de Mons vers la <span><strong>Gare de Qui\u00e9vrain<\/strong><\/span>.<\/p>\n<p>\u23f1\ufe0f Dur\u00e9e : environ <strong data-start=\"354\" data-end=\"373\">20 \u00e0 30 minutes<\/strong><\/p>\n<p>\ud83d\ude86 Fr\u00e9quence : trains r\u00e9guliers en journ\u00e9e<\/p>\n<p>\ud83c\udf9f\ufe0f Billet : trajet court, g\u00e9n\u00e9ralement peu co\u00fbteux<\/p>\n<p>[\/et_pb_text][\/et_pb_column][et_pb_column type=\u00a0\u00bb1_2&Prime; _builder_version=\u00a0\u00bb4.25.2&Prime; _module_preset=\u00a0\u00bbdefault\u00a0\u00bb global_colors_info=\u00a0\u00bb{}\u00a0\u00bb][et_pb_text _builder_version=\u00a0\u00bb4.25.2&Prime; _module_preset=\u00a0\u00bbdefault\u00a0\u00bb text_font=\u00a0\u00bbMerienda||||||||\u00a0\u00bb text_text_color=\u00a0\u00bb#000000&Prime; text_font_size=\u00a0\u00bb20px\u00a0\u00bb text_orientation=\u00a0\u00bbcenter\u00a0\u00bb global_colors_info=\u00a0\u00bb{}\u00a0\u00bb]<\/p>\n<p><strong>A partir de la gare de Bruxelles<\/strong><\/p>\n<p>[\/et_pb_text][et_pb_text _builder_version=\u00a0\u00bb4.25.2&Prime; _module_preset=\u00a0\u00bbdefault\u00a0\u00bb text_orientation=\u00a0\u00bbcenter\u00a0\u00bb width=\u00a0\u00bb100%\u00a0\u00bb global_colors_info=\u00a0\u00bb{}\u00a0\u00bb]<\/p>\n<p>\ud83d\udc49 <strong>Prendre un train SNCB direct depuis Bruxelles jusqu\u2019\u00e0 la gare de Qui\u00e9vrain<\/strong>.<\/p>\n<p>Il y a <strong>plusieurs trains directs par jour<\/strong> entre Bruxelles (souvent Bruxelles-Midi ou Bruxelles-Central) et <strong>Qui\u00e9vrain<\/strong>.<\/p>\n<p>Dur\u00e9e du trajet : <strong>environ 1 h 20 \u00e0 1 h 30<\/strong> selon le train.<\/p>\n<p>&nbsp;<\/p>\n<p>[\/et_pb_text][\/et_pb_column][\/et_pb_row][et_pb_row _builder_version=\u00a0\u00bb4.25.2&Prime; _module_preset=\u00a0\u00bbdefault\u00a0\u00bb global_colors_info=\u00a0\u00bb{}\u00a0\u00bb][et_pb_column type=\u00a0\u00bb4_4&Prime; _builder_version=\u00a0\u00bb4.25.2&Prime; _module_preset=\u00a0\u00bbdefault\u00a0\u00bb global_colors_info=\u00a0\u00bb{}\u00a0\u00bb][et_pb_text _builder_version=\u00a0\u00bb4.25.2&Prime; _module_preset=\u00a0\u00bbdefault\u00a0\u00bb text_font=\u00a0\u00bbMerienda One||||||||\u00a0\u00bb text_text_color=\u00a0\u00bb#000000&Prime; text_font_size=\u00a0\u00bb30px\u00a0\u00bb text_orientation=\u00a0\u00bbcenter\u00a0\u00bb animation_style=\u00a0\u00bbflip\u00a0\u00bb global_colors_info=\u00a0\u00bb{}\u00a0\u00bb]<\/p>\n<p>Acc\u00e9der aux lieux d&rsquo;\u00e9v\u00e8nements \u00e0 partir de la gare de Qui\u00e9vrain<\/p>\n<p>[\/et_pb_text][\/et_pb_column][\/et_pb_row][et_pb_row column_structure=\u00a0\u00bb1_3,1_3,1_3&Prime; make_equal=\u00a0\u00bbon\u00a0\u00bb _builder_version=\u00a0\u00bb4.25.2&Prime; _module_preset=\u00a0\u00bbdefault\u00a0\u00bb module_alignment=\u00a0\u00bbcenter\u00a0\u00bb global_colors_info=\u00a0\u00bb{}\u00a0\u00bb][et_pb_column type=\u00a0\u00bb1_3&Prime; _builder_version=\u00a0\u00bb4.25.2&Prime; _module_preset=\u00a0\u00bbdefault\u00a0\u00bb global_colors_info=\u00a0\u00bb{}\u00a0\u00bb][et_pb_text _builder_version=\u00a0\u00bb4.25.2&Prime; _module_preset=\u00a0\u00bbdefault\u00a0\u00bb text_font=\u00a0\u00bbMerienda One||||||||\u00a0\u00bb text_text_color=\u00a0\u00bb#000000&Prime; text_font_size=\u00a0\u00bb20px\u00a0\u00bb text_orientation=\u00a0\u00bbcenter\u00a0\u00bb global_colors_info=\u00a0\u00bb{}\u00a0\u00bb]<\/p>\n<p>Acc\u00e8s \u00e0 la mairie<\/p>\n<p>[\/et_pb_text][et_pb_image src=\u00a0\u00bbhttps:\/\/dianeetgael.com\/wp-content\/uploads\/2026\/02\/1000085644.jpg\u00a0\u00bb title_text=\u00a0\u00bbMairie\u00a0\u00bb _builder_version=\u00a0\u00bb4.25.2&Prime; _module_preset=\u00a0\u00bbdefault\u00a0\u00bb width=\u00a0\u00bb40%\u00a0\u00bb max_width=\u00a0\u00bb40%\u00a0\u00bb module_alignment=\u00a0\u00bbcenter\u00a0\u00bb custom_margin=\u00a0\u00bb|101px|||false|false\u00a0\u00bb global_colors_info=\u00a0\u00bb{}\u00a0\u00bb][\/et_pb_image][et_pb_text _builder_version=\u00a0\u00bb4.25.2&Prime; _module_preset=\u00a0\u00bbdefault\u00a0\u00bb text_orientation=\u00a0\u00bbcenter\u00a0\u00bb width=\u00a0\u00bb100%\u00a0\u00bb global_colors_info=\u00a0\u00bb{}\u00a0\u00bb]<\/p>\n<p>Vous aurez deux options:<\/p>\n<p><strong>A pieds\u00a0:<\/strong> rue des Wagnons 4 se trouve \u00e0 environ 15 minutes de marche depuis la gare.<\/p>\n<p><strong>En bus\u00a0: <\/strong>il y a un arr\u00eat de bus \u201cQui\u00e9vrain \u2013 Rue du Foyer\u201d \u00e0 1 minute de marche seulement.<\/p>\n<p>La ligne de bus <strong>7<\/strong> (direction <em>Quievrain Gare Sncb<\/em>) dessert cet arr\u00eat.<\/p>\n<p>D\u2019autres lignes comme le <strong>29\u2019<\/strong> peuvent aussi \u00eatre utiles selon l\u2019heure.<\/p>\n<p>[\/et_pb_text][\/et_pb_column][et_pb_column type=\u00a0\u00bb1_3&Prime; _builder_version=\u00a0\u00bb4.25.2&Prime; _module_preset=\u00a0\u00bbdefault\u00a0\u00bb global_colors_info=\u00a0\u00bb{}\u00a0\u00bb][et_pb_text _builder_version=\u00a0\u00bb4.25.2&Prime; _module_preset=\u00a0\u00bbdefault\u00a0\u00bb text_font=\u00a0\u00bbMerienda||||||||\u00a0\u00bb text_text_color=\u00a0\u00bb#000000&Prime; text_font_size=\u00a0\u00bb20px\u00a0\u00bb text_orientation=\u00a0\u00bbcenter\u00a0\u00bb global_colors_info=\u00a0\u00bb{}\u00a0\u00bb]<\/p>\n<p><strong>A partir de la gare de Bruxelles<\/strong><\/p>\n<p>[\/et_pb_text][et_pb_image src=\u00a0\u00bbhttps:\/\/dianeetgael.com\/wp-content\/uploads\/2026\/02\/1000085642.jpg\u00a0\u00bb title_text=\u00a0\u00bb1000085642&Prime; _builder_version=\u00a0\u00bb4.25.2&Prime; _module_preset=\u00a0\u00bbdefault\u00a0\u00bb width=\u00a0\u00bb40%\u00a0\u00bb max_width=\u00a0\u00bb41%\u00a0\u00bb module_alignment=\u00a0\u00bbcenter\u00a0\u00bb global_colors_info=\u00a0\u00bb{}\u00a0\u00bb][\/et_pb_image][et_pb_text _builder_version=\u00a0\u00bb4.25.2&Prime; _module_preset=\u00a0\u00bbdefault\u00a0\u00bb global_colors_info=\u00a0\u00bb{}\u00a0\u00bb]<\/p>\n<p><strong>\ud83d\udeb6\u200d\u2642\ufe0f On \u00a0acc\u00e8de \u00e0 l\u2019\u00e9glise en marche \u00e0 pieds \u00e0 partir de la gare.<\/strong><\/p>\n<p data-start=\"170\" data-end=\"238\">Qui\u00e9vrain est une petite commune, donc tout est relativement proche.<\/p>\n<ul>\n<li data-start=\"242\" data-end=\"289\">\u23f1\ufe0f Temps de marche : <strong data-start=\"263\" data-end=\"289\">environ 5 \u00e0 10 minutes<\/strong><\/li>\n<li data-start=\"292\" data-end=\"334\">\ud83d\udccf Distance : environ <strong data-start=\"314\" data-end=\"334\">500 \u00e0 700 m\u00e8tres<\/strong><\/li>\n<\/ul>\n<p data-start=\"336\" data-end=\"360\"><strong>Itin\u00e9raire g\u00e9n\u00e9ral :<\/strong><\/p>\n<ol>\n<li data-start=\"364\" data-end=\"406\">Sortez de la gare (c\u00f4t\u00e9 Place de la Gare).<\/li>\n<li data-start=\"410\" data-end=\"444\">Dirigez-vous vers le centre-ville.<\/li>\n<li data-start=\"448\" data-end=\"491\">Suivez les panneaux vers <strong data-start=\"473\" data-end=\"490\">Place du Parc<\/strong>.<\/li>\n<li data-start=\"495\" data-end=\"542\">Vous arriverez directement sur <strong data-start=\"526\" data-end=\"541\"> du Parc<\/strong>.<\/li>\n<\/ol>\n<p>[\/et_pb_text][\/et_pb_column][et_pb_column type=\u00a0\u00bb1_3&Prime; _builder_version=\u00a0\u00bb4.25.2&Prime; _module_preset=\u00a0\u00bbdefault\u00a0\u00bb global_colors_info=\u00a0\u00bb{}\u00a0\u00bb][et_pb_text _builder_version=\u00a0\u00bb4.25.2&Prime; _module_preset=\u00a0\u00bbdefault\u00a0\u00bb text_font=\u00a0\u00bbMerienda||||||||\u00a0\u00bb text_text_color=\u00a0\u00bb#000000&Prime; text_font_size=\u00a0\u00bb20px\u00a0\u00bb text_orientation=\u00a0\u00bbcenter\u00a0\u00bb global_colors_info=\u00a0\u00bb{}\u00a0\u00bb]<\/p>\n<p><strong>A partir de la gare de Mons<\/strong><\/p>\n<p>[\/et_pb_text][et_pb_image src=\u00a0\u00bbhttps:\/\/dianeetgael.com\/wp-content\/uploads\/2026\/02\/1000085659.jpg\u00a0\u00bb title_text=\u00a0\u00bb1000085659&Prime; align=\u00a0\u00bbcenter\u00a0\u00bb _builder_version=\u00a0\u00bb4.25.2&Prime; _module_preset=\u00a0\u00bbdefault\u00a0\u00bb width=\u00a0\u00bb60%\u00a0\u00bb max_width=\u00a0\u00bb60%\u00a0\u00bb custom_padding=\u00a0\u00bb||55px||false|false\u00a0\u00bb global_colors_info=\u00a0\u00bb{}\u00a0\u00bb][\/et_pb_image][et_pb_text _builder_version=\u00a0\u00bb4.25.2&Prime; _module_preset=\u00a0\u00bbdefault\u00a0\u00bb global_colors_info=\u00a0\u00bb{}\u00a0\u00bb]<\/p>\n<p data-start=\"182\" data-end=\"276\">1\ufe0f- Prendre un <strong data-start=\"196\" data-end=\"210\">train SNCB<\/strong> de Qui\u00e9vrain vers la <span><strong>Gare de Mons<\/strong><\/span>.<\/p>\n<ul>\n<li data-start=\"279\" data-end=\"319\">\u23f1\ufe0f Dur\u00e9e : environ <strong data-start=\"298\" data-end=\"317\">20 \u00e0 30 minutes<\/strong><\/li>\n<li data-start=\"322\" data-end=\"354\">\ud83d\ude86 Trains r\u00e9guliers en journ\u00e9e<\/li>\n<li data-start=\"357\" data-end=\"395\">\ud83c\udf9f\ufe0f Trajet direct, sans correspondance<\/li>\n<\/ul>\n<p data-start=\"397\" data-end=\"457\">2\ufe0f- \u00a0Depuis la gare de Mons <strong><\/strong><\/p>\n<ul>\n<li data-start=\"487\" data-end=\"525\">Prendre un <strong data-start=\"498\" data-end=\"525\">bus TEC direction Ghlin<\/strong><\/li>\n<li data-start=\"528\" data-end=\"604\">Descendre \u00e0 l\u2019arr\u00eat <strong data-start=\"548\" data-end=\"565\">\u201cGhlin Place\u201d<\/strong> (ou arr\u00eat proche de la Place de Ghlin)<\/li>\n<li data-start=\"607\" data-end=\"655\">\ud83d\udeb6\u200d\u2642\ufe0f 1 \u00e0 3 minutes de marche jusqu\u2019au num\u00e9ro 28<\/li>\n<\/ul>\n<p>Un taxi depuis la gare de Mons vers Ghlin prend environ <strong data-start=\"842\" data-end=\"856\">10 minutes<\/strong>.<\/p>\n<ul><\/ul>\n<p>[\/et_pb_text][\/et_pb_column][\/et_pb_row][et_pb_row _builder_version=\u00a0\u00bb4.25.2&Prime; _module_preset=\u00a0\u00bbdefault\u00a0\u00bb global_colors_info=\u00a0\u00bb{}\u00a0\u00bb][et_pb_column type=\u00a0\u00bb4_4&Prime; _builder_version=\u00a0\u00bb4.25.2&Prime; _module_preset=\u00a0\u00bbdefault\u00a0\u00bb global_colors_info=\u00a0\u00bb{}\u00a0\u00bb][et_pb_text _builder_version=\u00a0\u00bb4.25.2&Prime; _module_preset=\u00a0\u00bbdefault\u00a0\u00bb text_font=\u00a0\u00bbMerienda One||||||||\u00a0\u00bb text_text_color=\u00a0\u00bb#000000&Prime; text_font_size=\u00a0\u00bb30px\u00a0\u00bb text_orientation=\u00a0\u00bbcenter\u00a0\u00bb animation_style=\u00a0\u00bbflip\u00a0\u00bb hover_enabled=\u00a0\u00bb0&Prime; global_colors_info=\u00a0\u00bb{}\u00a0\u00bb sticky_enabled=\u00a0\u00bb0&Prime;]<\/p>\n<p>Liste de mariage<\/p>\n<p>[\/et_pb_text][\/et_pb_column][\/et_pb_row][et_pb_row _builder_version=\u00a0\u00bb4.25.2&Prime; _module_preset=\u00a0\u00bbdefault\u00a0\u00bb global_colors_info=\u00a0\u00bb{}\u00a0\u00bb][et_pb_column type=\u00a0\u00bb4_4&Prime; _builder_version=\u00a0\u00bb4.25.2&Prime; _module_preset=\u00a0\u00bbdefault\u00a0\u00bb global_colors_info=\u00a0\u00bb{}\u00a0\u00bb][et_pb_text _builder_version=\u00a0\u00bb4.25.2&Prime; _module_preset=\u00a0\u00bbdefault\u00a0\u00bb text_font=\u00a0\u00bbMerienda One||||||||\u00a0\u00bb text_text_color=\u00a0\u00bb#8300E9&Prime; text_font_size=\u00a0\u00bb28px\u00a0\u00bb text_orientation=\u00a0\u00bbcenter\u00a0\u00bb animation_style=\u00a0\u00bbflip\u00a0\u00bb hover_enabled=\u00a0\u00bb0&Prime; global_colors_info=\u00a0\u00bb{}\u00a0\u00bb sticky_enabled=\u00a0\u00bb0&Prime; link_option_url=\u00a0\u00bbhttps:\/\/www.kadolog.com\/fr\/list\/liste-de-mariage-de-therese-diane-gael-2755662&Prime;]<\/p>\n<p>\ud83d\udc49Voir la liste ici<\/p>\n<p>[\/et_pb_text][\/et_pb_column][\/et_pb_row][et_pb_row _builder_version=\u00a0\u00bb4.25.2&Prime; _module_preset=\u00a0\u00bbdefault\u00a0\u00bb global_colors_info=\u00a0\u00bb{}\u00a0\u00bb][et_pb_column type=\u00a0\u00bb4_4&Prime; _builder_version=\u00a0\u00bb4.25.2&Prime; _module_preset=\u00a0\u00bbdefault\u00a0\u00bb global_colors_info=\u00a0\u00bb{}\u00a0\u00bb][et_pb_text _builder_version=\u00a0\u00bb4.25.2&Prime; _module_preset=\u00a0\u00bbdefault\u00a0\u00bb text_font=\u00a0\u00bbMerienda One||||||||\u00a0\u00bb text_text_color=\u00a0\u00bb#000000&Prime; text_font_size=\u00a0\u00bb30px\u00a0\u00bb text_orientation=\u00a0\u00bbcenter\u00a0\u00bb animation_style=\u00a0\u00bbflip\u00a0\u00bb global_colors_info=\u00a0\u00bb{}\u00a0\u00bb]<\/p>\n<p>Moyens d&rsquo;h\u00e9bergements<\/p>\n<p>[\/et_pb_text][\/et_pb_column][\/et_pb_row][et_pb_row column_structure=\u00a0\u00bb1_2,1_2&Prime; _builder_version=\u00a0\u00bb4.25.2&Prime; _module_preset=\u00a0\u00bbdefault\u00a0\u00bb global_colors_info=\u00a0\u00bb{}\u00a0\u00bb][et_pb_column type=\u00a0\u00bb1_2&Prime; _builder_version=\u00a0\u00bb4.25.2&Prime; _module_preset=\u00a0\u00bbdefault\u00a0\u00bb global_colors_info=\u00a0\u00bb{}\u00a0\u00bb][et_pb_text _builder_version=\u00a0\u00bb4.25.2&Prime; _module_preset=\u00a0\u00bbdefault\u00a0\u00bb text_font=\u00a0\u00bbMerienda||||||||\u00a0\u00bb text_text_color=\u00a0\u00bb#000000&Prime; text_font_size=\u00a0\u00bb20px\u00a0\u00bb text_orientation=\u00a0\u00bbcenter\u00a0\u00bb hover_enabled=\u00a0\u00bb0&Prime; global_colors_info=\u00a0\u00bb{}\u00a0\u00bb sticky_enabled=\u00a0\u00bb0&Prime;]<\/p>\n<p>Hotels Proches de Qui\u00e9vrain (\u00e9glise, mairie, vin d&rsquo;honeur)<\/p>\n<p>[\/et_pb_text][et_pb_text _builder_version=\u00a0\u00bb4.25.2&Prime; _module_preset=\u00a0\u00bbdefault\u00a0\u00bb global_colors_info=\u00a0\u00bb{}\u00a0\u00bb]<\/p>\n<p><strong>B&amp;B HOTEL Valenciennes Onnaing<\/strong><\/p>\n<div role=\"presentation\" class=\"wDYxhc\" data-attrid=\"kc:\/location\/location:address\" data-md=\"1002\" data-hveid=\"CDoQAA\" data-ved=\"2ahUKEwiS27XF1_-SAxVBU6QEHTRrE7wQkCl6BAg6EAA\">\n<div class=\"Z1hOCe\">\n<div class=\"zloOqf lew4sc PZPZlf\" data-dtype=\"d3ifr\" data-local-attribute=\"d3adr\" data-mid=\"\/g\/11wpb35s6v\" jsdata=\"kMGuHf;_;27SkadKBK8GmkdUPtNbN4As57\" data-ved=\"2ahUKEwiS27XF1_-SAxVBU6QEHTRrE7wQghwoAHoECDoQAQ\">\n<div class=\"M2Cv8e hP3ybd\">\n<div class=\"gqkR3b hP3ybd\"><span>\ud83d\udccd 97 rue Jacky Leroy, 59264 Onnaing, France<\/span><\/div>\n<\/div>\n<\/div>\n<\/div>\n<\/div>\n<div role=\"presentation\" class=\"wDYxhc\" data-attrid=\"kc:\/local:alt phone\" data-md=\"1006\" data-hveid=\"CDsQAA\" data-ved=\"2ahUKEwiS27XF1_-SAxVBU6QEHTRrE7wQkCl6BAg7EAA\">\n<div class=\"Z1hOCe\">\n<div class=\"zloOqf PZPZlf\" data-dtype=\"d3ifr\" data-local-attribute=\"d3ph\" data-ved=\"2ahUKEwiS27XF1_-SAxVBU6QEHTRrE7wQ8I0BKAB6BAg7EAE\">\n<div class=\"zh0Yff\"><span class=\"w8qArf FoJoyf\"><span>\ud83d\udcde\u00a0 <\/span><\/span><span><span class=\"LrzXr kno-fv\"><span aria-label=\"Appeler le +33 892 23 33 55\">+33 892 23 33 55<\/span><\/span><\/span><\/div>\n<\/div>\n<\/div>\n<\/div>\n<p>[\/et_pb_text][et_pb_text _builder_version=\u00a0\u00bb4.25.2&Prime; _module_preset=\u00a0\u00bbdefault\u00a0\u00bb global_colors_info=\u00a0\u00bb{}\u00a0\u00bb]<\/p>\n<p><strong>Royal Hainaut Spa &amp; Resort Hotel<\/strong><\/p>\n<div role=\"presentation\" class=\"wDYxhc\" data-attrid=\"kc:\/location\/location:address\" data-md=\"1002\" data-hveid=\"CDcQAA\" data-ved=\"2ahUKEwjK6Jan1_-SAxUHTKQEHSyJAykQkCl6BAg3EAA\">\n<div class=\"Z1hOCe\">\n<div class=\"zloOqf lew4sc PZPZlf\" data-dtype=\"d3ifr\" data-local-attribute=\"d3adr\" data-mid=\"\/g\/11g_zy9nny\" jsdata=\"kMGuHf;_;nLSkacqqEYeYkdUPrJKOyAI51\" data-ved=\"2ahUKEwjK6Jan1_-SAxUHTKQEHSyJAykQghwoAHoECDcQAQ\">\n<p><span>\ud83d\udccd <\/span><span style=\"font-size: 14px;\">6 Pl. de l&rsquo;H\u00f4pital G\u00e9n\u00e9ral, 59300 Valenciennes, France<\/span><\/p>\n<\/div>\n<\/div>\n<\/div>\n<div role=\"presentation\" class=\"wDYxhc\" data-attrid=\"kc:\/local:alt phone\" data-md=\"1006\" data-hveid=\"CDwQAA\" data-ved=\"2ahUKEwjK6Jan1_-SAxUHTKQEHSyJAykQkCl6BAg8EAA\">\n<div class=\"Z1hOCe\">\n<div class=\"zloOqf PZPZlf\" data-dtype=\"d3ifr\" data-local-attribute=\"d3ph\" data-ved=\"2ahUKEwjK6Jan1_-SAxUHTKQEHSyJAykQ8I0BKAB6BAg8EAE\">\n<div class=\"zh0Yff\"><span><span class=\"LrzXr kno-fv\"><span aria-label=\"Appeler le +33 3 27 35 15 15\"><span class=\"w8qArf FoJoyf\">\ud83d\udcde\u00a0<\/span>+33 3 27 35 15 15<\/span><\/span><\/span><\/div>\n<\/div>\n<\/div>\n<\/div>\n<p>[\/et_pb_text][et_pb_text _builder_version=\u00a0\u00bb4.25.2&Prime; _module_preset=\u00a0\u00bbdefault\u00a0\u00bb global_colors_info=\u00a0\u00bb{}\u00a0\u00bb]<\/p>\n<p><strong>H\u00f4tel-restaurant l\u2019Escargot d\u2019Or<\/strong><\/p>\n<p><span><\/span><\/p>\n<div role=\"presentation\" class=\"wDYxhc\" data-attrid=\"kc:\/location\/location:address\" data-md=\"1002\" data-hveid=\"CCUQAA\" data-ved=\"2ahUKEwiynfDh1_-SAxUFbKQEHVjYAIMQkCl6BAglEAA\">\n<div class=\"Z1hOCe\">\n<div class=\"zloOqf lew4sc PZPZlf\" data-dtype=\"d3ifr\" data-local-attribute=\"d3adr\" data-mid=\"\/g\/11f2wmbdnl\" jsdata=\"kMGuHf;_;F7WkafK1F4XYkdUP2LCDmAg33\" data-ved=\"2ahUKEwiynfDh1_-SAxUFbKQEHVjYAIMQghwoAHoECCUQAQ\">\n<p><span class=\"w8qArf FoJoyf\"><span>\ud83d\udccd <\/span><\/span><span style=\"font-size: 14px;\">Rue Grande 105, 7330 Saint-Ghislain<\/span><\/p>\n<\/div>\n<\/div>\n<\/div>\n<div role=\"presentation\" class=\"wDYxhc\" data-attrid=\"kc:\/local:alt phone\" data-md=\"1006\" data-hveid=\"CCYQAA\" data-ved=\"2ahUKEwiynfDh1_-SAxUFbKQEHVjYAIMQkCl6BAgmEAA\">\n<div class=\"Z1hOCe\">\n<div class=\"zloOqf PZPZlf\" data-dtype=\"d3ifr\" data-local-attribute=\"d3ph\" data-ved=\"2ahUKEwiynfDh1_-SAxUFbKQEHVjYAIMQ8I0BKAB6BAgmEAE\">\n<div class=\"zh0Yff\"><span><span class=\"LrzXr kno-fv\"><span aria-label=\"Appeler le 065 62 18 90\"><span class=\"w8qArf FoJoyf\">\ud83d\udcde\u00a0 +32<\/span>65 62 18 90<\/span><\/span><\/span><\/div>\n<\/div>\n<\/div>\n<\/div>\n<p>[\/et_pb_text][\/et_pb_column][et_pb_column type=\u00a0\u00bb1_2&Prime; _builder_version=\u00a0\u00bb4.25.2&Prime; _module_preset=\u00a0\u00bbdefault\u00a0\u00bb global_colors_info=\u00a0\u00bb{}\u00a0\u00bb][et_pb_text _builder_version=\u00a0\u00bb4.25.2&Prime; _module_preset=\u00a0\u00bbdefault\u00a0\u00bb text_font=\u00a0\u00bbMerienda||||||||\u00a0\u00bb text_text_color=\u00a0\u00bb#000000&Prime; text_font_size=\u00a0\u00bb20px\u00a0\u00bb text_orientation=\u00a0\u00bbcenter\u00a0\u00bb global_colors_info=\u00a0\u00bb{}\u00a0\u00bb]<\/p>\n<p>Hotels proches de Mons (soir\u00e9e)<\/p>\n<p>&nbsp;<\/p>\n<p>[\/et_pb_text][et_pb_text _builder_version=\u00a0\u00bb4.25.2&Prime; _module_preset=\u00a0\u00bbdefault\u00a0\u00bb custom_margin=\u00a0\u00bb|||30px|false|false\u00a0\u00bb global_colors_info=\u00a0\u00bb{}\u00a0\u00bb]<\/p>\n<p><strong>B&amp;B HOTEL Mons Gare<\/strong><\/p>\n<div role=\"presentation\" class=\"wDYxhc\" data-attrid=\"kc:\/location\/location:address\" data-md=\"1002\" data-hveid=\"CDYQAA\" data-ved=\"2ahUKEwiLkdec2P-SAxVqOfsDHdtnNBgQkCl6BAg2EAA\">\n<div class=\"Z1hOCe\">\n<div class=\"zloOqf lew4sc PZPZlf\" data-dtype=\"d3ifr\" data-local-attribute=\"d3adr\" data-mid=\"\/g\/11y6p2btwh\" jsdata=\"kMGuHf;_;krWkaYuAK-ry7M8P28_RwQE51\" data-ved=\"2ahUKEwiLkdec2P-SAxVqOfsDHdtnNBgQghwoAHoECDYQAQ\">\n<p><span>\ud83d\udccd <\/span><span style=\"font-size: 14px;\">Boulevard Charles Quint 27B, 7000 Mons<\/span><\/p>\n<\/div>\n<\/div>\n<\/div>\n<div role=\"presentation\" class=\"wDYxhc\" data-attrid=\"kc:\/local:alt phone\" data-md=\"1006\" data-hveid=\"CDUQAA\" data-ved=\"2ahUKEwiLkdec2P-SAxVqOfsDHdtnNBgQkCl6BAg1EAA\">\n<div class=\"Z1hOCe\">\n<div class=\"zloOqf PZPZlf\" data-dtype=\"d3ifr\" data-local-attribute=\"d3ph\" data-ved=\"2ahUKEwiLkdec2P-SAxVqOfsDHdtnNBgQ8I0BKAB6BAg1EAE\">\n<div class=\"zh0Yff\"><span class=\"w8qArf FoJoyf\"><span>\ud83d\udcde\u00a0 <\/span><\/span><span><span class=\"LrzXr kno-fv\"><span aria-label=\"Appeler le 065 84 74 40\">+3265 84 74 40<\/span><\/span><\/span><\/div>\n<\/div>\n<\/div>\n<\/div>\n<p>[\/et_pb_text][et_pb_text _builder_version=\u00a0\u00bb4.25.2&Prime; _module_preset=\u00a0\u00bbdefault\u00a0\u00bb custom_margin=\u00a0\u00bb|||30px|false|false\u00a0\u00bb global_colors_info=\u00a0\u00bb{}\u00a0\u00bb]<\/p>\n<p><span><strong>Van der Valk Hotel Mons Congr\u00e8s &amp; Spa<\/strong><\/span><\/p>\n<div role=\"presentation\" class=\"wDYxhc\" data-attrid=\"kc:\/location\/location:address\" data-md=\"1002\" data-hveid=\"CCgQAA\" data-ved=\"2ahUKEwj506m82P-SAxVVNPsDHa3FD9QQkCl6BAgoEAA\">\n<div class=\"Z1hOCe\">\n<div class=\"zloOqf lew4sc PZPZlf\" data-dtype=\"d3ifr\" data-local-attribute=\"d3adr\" data-mid=\"\/g\/11b7sv_jm0\" jsdata=\"kMGuHf;_;1bWkabmVBNXo7M8PrYu_oA033\" data-ved=\"2ahUKEwj506m82P-SAxVVNPsDHa3FD9QQghwoAHoECCgQAQ\">\n<p><span>\ud83d\udccd <\/span><span style=\"font-size: 14px;\">Av. M\u00e9lina Mercouri 7, 7000 Mons<\/span><\/p>\n<\/div>\n<\/div>\n<\/div>\n<div role=\"presentation\" class=\"wDYxhc\" data-attrid=\"kc:\/local:alt phone\" data-md=\"1006\" data-hveid=\"CCsQAA\" data-ved=\"2ahUKEwj506m82P-SAxVVNPsDHa3FD9QQkCl6BAgrEAA\">\n<div class=\"Z1hOCe\">\n<div class=\"zloOqf PZPZlf\" data-dtype=\"d3ifr\" data-local-attribute=\"d3ph\" data-ved=\"2ahUKEwj506m82P-SAxVVNPsDHa3FD9QQ8I0BKAB6BAgrEAE\">\n<div class=\"zh0Yff\"><span class=\"w8qArf FoJoyf\"><span>\ud83d\udcde +32<\/span><\/span><span><span class=\"LrzXr kno-fv\"><span aria-label=\"Appeler le 065 39 02 07\">65 39 02 07<\/span><\/span><\/span><\/div>\n<\/div>\n<\/div>\n<\/div>\n<p>[\/et_pb_text][et_pb_text _builder_version=\u00a0\u00bb4.25.2&Prime; _module_preset=\u00a0\u00bbdefault\u00a0\u00bb custom_margin=\u00a0\u00bb|||30px|false|false\u00a0\u00bb global_colors_info=\u00a0\u00bb{}\u00a0\u00bb]<\/p>\n<p class=\"font_3 wixui-rich-text__text\"><strong><span class=\"wixui-rich-text__text\">Utopia hotel<\/span><\/strong><\/p>\n<div role=\"presentation\" class=\"wDYxhc\" data-attrid=\"kc:\/location\/location:address\" data-md=\"1002\" data-hveid=\"CE8QAA\" data-ved=\"2ahUKEwjDkNLT2P-SAxWYU6QEHZxdODYQkCl6BAhPEAA\">\n<div class=\"Z1hOCe\">\n<div class=\"zloOqf PZPZlf\" data-dtype=\"d3ifr\" data-local-attribute=\"d3adr\" data-mid=\"\/g\/11xrb289j\" jsdata=\"kMGuHf;_;BbakaYP6OpinkdUPnLvhsQM40\" data-ved=\"2ahUKEwjDkNLT2P-SAxWYU6QEHZxdODYQghwoAHoECE8QAQ\">\n<p><span class=\"w8qArf FoJoyf\"><span>\ud83d\udccd<\/span><\/span><span style=\"font-size: 14px;\">Chau. Brunehault 392B, 7050 Jurbise<\/span><\/p>\n<div class=\"M2Cv8e hP3ybd\">\n<div class=\"gqkR3b hP3ybd\"><span><span class=\"w8qArf FoJoyf\">\ud83d\udcde +32<\/span><\/span><span style=\"font-size: 14px;\">65 84 87 85<\/span><\/div>\n<\/div>\n<\/div>\n<\/div>\n<\/div>\n<p><span class=\"wixui-rich-text__text\"><\/span><\/p>\n<p>[\/et_pb_text][\/et_pb_column][\/et_pb_row][\/et_pb_section]<\/p>\n","protected":false},"excerpt":{"rendered":"<p>INFORMATIONS PRATIQUES\u00a0Arriver \u00e0 Qui\u00e9vrain en TrainA partir de la gare de MonsPrendre un train SNCB direct depuis la gare de Mons vers la Gare de Qui\u00e9vrain. \u23f1\ufe0f Dur\u00e9e : environ 20 \u00e0 30 minutes \ud83d\ude86 Fr\u00e9quence : trains r\u00e9guliers en journ\u00e9e \ud83c\udf9f\ufe0f Billet : trajet court, g\u00e9n\u00e9ralement peu co\u00fbteuxA partir de la gare de Bruxelles\ud83d\udc49 [&hellip;]<\/p>\n","protected":false},"author":2,"featured_media":0,"parent":0,"menu_order":0,"comment_status":"closed","ping_status":"closed","template":"","meta":{"_et_pb_use_builder":"on","_et_pb_old_content":"","_et_gb_content_width":"","footnotes":""},"class_list":["post-152","page","type-page","status-publish","hentry"],"_links":{"self":[{"href":"https:\/\/dianeetgael.com\/index.php\/wp-json\/wp\/v2\/pages\/152","targetHints":{"allow":["GET"]}}],"collection":[{"href":"https:\/\/dianeetgael.com\/index.php\/wp-json\/wp\/v2\/pages"}],"about":[{"href":"https:\/\/dianeetgael.com\/index.php\/wp-json\/wp\/v2\/types\/page"}],"author":[{"embeddable":true,"href":"https:\/\/dianeetgael.com\/index.php\/wp-json\/wp\/v2\/users\/2"}],"replies":[{"embeddable":true,"href":"https:\/\/dianeetgael.com\/index.php\/wp-json\/wp\/v2\/comments?post=152"}],"version-history":[{"count":19,"href":"https:\/\/dianeetgael.com\/index.php\/wp-json\/wp\/v2\/pages\/152\/revisions"}],"predecessor-version":[{"id":190,"href":"https:\/\/dianeetgael.com\/index.php\/wp-json\/wp\/v2\/pages\/152\/revisions\/190"}],"wp:attachment":[{"href":"https:\/\/dianeetgael.com\/index.php\/wp-json\/wp\/v2\/media?parent=152"}],"curies":[{"name":"wp","href":"https:\/\/api.w.org\/{rel}","templated":true}]}}